{"id":3691,"date":"2021-06-30T11:40:39","date_gmt":"2021-06-30T09:40:09","guid":{"rendered":"https:\/\/websites.fraunhofer.de\/stec\/centers\/"},"modified":"2025-10-01T18:22:33","modified_gmt":"2025-10-01T16:22:33","slug":"centers","status":"publish","type":"page","link":"https:\/\/s-tec.de\/en\/centers\/","title":{"rendered":"Centers"},"content":{"rendered":"\n<p>Within the Stuttgart Technology and Innovation Campus S-TEC, the individual research topics are organized in centers. The S-TEC centers offer interested companies numerous points of contact for <a href=\"https:\/\/s-tec.de\/?page_id=3695\" target=\"_blank\" rel=\"noreferrer noopener\">cooperation<\/a>, for example in the context of Exploring Projects or Quick Checks. On this page you will find the right center for your problem.  <\/p>\n\n\n\n    \n    \n<div id=\"v4core-post-list--1\" class=\"PostList PostList--centre PostList--static\">\n\n    \n        <article class=\"PostList-no-results\">\n    <div class=\"PostList-item-link-content\">\n        <p class=\"PostList-item-link-content-title\">\n            <span class=\"PostList-item-link-content-category h6 has-magenta-color\">Keine Ergebnisse gefunden<\/span><br>\n            Versuchen Sie die Filterung anzupassen\n        <\/p>\n    <\/div>\n<\/article>\n\n        \n            <div class=\"PostList-posts PostList-posts--centre\">\n                \n    \n    \n<article\n        class=\"PostList-item PostList-item--post post_type-centre-8016 \"\n        data-post=\"8016\">\n    <a class=\"PostList-item-link\" href=\"https:\/\/s-tec.de\/en\/centers\/the-biointelligence-engine\/\" title=\"The Biointelligence Engine\">\n\n                    <div class=\"PostList-item-image has-white-color\" style=\"background-image: url(https:\/\/s-tec.de\/wp-content\/uploads\/2025\/08\/DishBrain_1242x615.jpg);\">\n                <div class=\"PostList-item-overlay\"><\/div>\n                <p class=\"PostList-item-title h3\">The Biointelligence Engine<\/p>\n            <\/div>\n        \n        <div class=\"PostList-item-content has-white-background-color\">\n            <p class=\"PostList-item-excerpt\">The Stuttgart Technology &#038; Innovation Campus (S-TEC) has launched another interdisciplinary and cross-institute research and transfer centre: The Biointelligence Engine supports companies in connecting biology, engineering and computer science \u2013 for more efficient processes, resilient products and sustainable business models. Whether entering the field or scaling: We help to identify potential, develop concepts and implement funded projects \u2013 together with experts from research and industry. That way, bio-intelligence becomes a concrete solution for real challenges.<\/p>\n            <span class=\"button PostList-item-excerpt-more has-white-background-color\">Mehr<\/span>\n        <\/div>\n\n    <\/a>\n<\/article>    \n<article\n        class=\"PostList-item PostList-item--post post_type-centre-1404  post_type-topic-4410 post_type-topic-4415 \"\n        data-post=\"1404\">\n    <a class=\"PostList-item-link\" href=\"https:\/\/s-tec.de\/zentren\/ki-fortschrittszentrum-lernende-systeme-und-kognitive-robotik\/\" title=\"KI-Fortschritts&shy;zentrum \u00bbLernende Systeme und Kognitive Robotik\u00ab\">\n\n                    <div class=\"PostList-item-image has-white-color\" style=\"background-image: url(https:\/\/s-tec.de\/wp-content\/uploads\/2021\/06\/IM7A7855_KIFZ-e1623241531133.jpg);\">\n                <div class=\"PostList-item-overlay\"><\/div>\n                <p class=\"PostList-item-title h3\">KI-Fortschritts&shy;zentrum \u00bbLernende Systeme und Kognitive Robotik\u00ab<\/p>\n            <\/div>\n        \n        <div class=\"PostList-item-content has-white-background-color\">\n            <p class=\"PostList-item-excerpt\">Im KI-Fortschrittszentrum \u00bbLernende Systeme und Kognitive Robotik\u00ab werden neueste Methoden der k\u00fcnstlichen Intelligenz und des maschinellen Lernens in industrielle L\u00f6sungen und Prozesse \u00fcberf\u00fchrt.<\/p>\n            <span class=\"button PostList-item-excerpt-more has-white-background-color\">Mehr<\/span>\n        <\/div>\n\n    <\/a>\n<\/article>    \n<article\n        class=\"PostList-item PostList-item--post post_type-centre-7780  post_type-topic-4410 post_type-topic-4415 post_type-topic-4425 post_type-topic-4430 \"\n        data-post=\"7780\">\n    <a class=\"PostList-item-link\" href=\"https:\/\/s-tec.de\/zentren\/zentrum-fuer-industrialisiertes-bauen-und-sanieren-zibs\/\" title=\"Zentrum f\u00fcr Industrialisiertes Bauen und Sanieren\">\n\n                    <div class=\"PostList-item-image has-white-color\" style=\"background-image: url(https:\/\/s-tec.de\/wp-content\/uploads\/2025\/03\/GettyImages-1468025002.jpg);\">\n                <div class=\"PostList-item-overlay\"><\/div>\n                <p class=\"PostList-item-title h3\">Zentrum f\u00fcr Industrialisiertes Bauen und Sanieren<\/p>\n            <\/div>\n        \n        <div class=\"PostList-item-content has-white-background-color\">\n            <p class=\"PostList-item-excerpt\">Das S-TEC Zentrum\u00a0f\u00fcr Industrialisiertes Bauen und Sanieren (ZIBS)\u00a0unterst\u00fctzt Unternehmen in Baden-W\u00fcrttemberg bei der\u00a0Transformation der Bauwirtschaft durch innovative Technologien und Prozesse.\u00a0<\/p>\n            <span class=\"button PostList-item-excerpt-more has-white-background-color\">Mehr<\/span>\n        <\/div>\n\n    <\/a>\n<\/article>    \n<article\n        class=\"PostList-item PostList-item--post post_type-centre-8338  post_type-topic-4410 post_type-topic-4415 post_type-topic-4425 post_type-topic-4430 \"\n        data-post=\"8338\">\n    <a class=\"PostList-item-link\" href=\"https:\/\/s-tec.de\/zentren\/industrial-metaverse-reallabor\/\" title=\"Industrial Metaverse Reallabor\">\n\n                    <div class=\"PostList-item-image has-white-color\" style=\"background-image: url(https:\/\/s-tec.de\/wp-content\/uploads\/2026\/03\/AdobeStock_305628436-\u00a9-Gorodenkoff-\u2013-Adober-Stock.jpeg);\">\n                <div class=\"PostList-item-overlay\"><\/div>\n                <p class=\"PostList-item-title h3\">Industrial Metaverse Reallabor<\/p>\n            <\/div>\n        \n        <div class=\"PostList-item-content has-white-background-color\">\n            <p class=\"PostList-item-excerpt\">Das Industrial Metaverse Reallabor Baden-W\u00fcrttemberg verkn\u00fcpft die reale Welt von der Produktentwicklung \u00fcber die Produktion bis zum Ende des Produktlebenszyklus mit virtuellen Welten. Es unterst\u00fctzt Unternehmen dabei, eigene Metaverse-Anwendungen schnell und risikoarm umzusetzen. Die Projektpartner bieten Unternehmen einen praxisnahen Einstieg in digitale Zwillinge, XR und weitere digitale Technologien \u2013 von ersten Quick Checks bis zu erlebbaren Demonstratoren.\n<\/p>\n            <span class=\"button PostList-item-excerpt-more has-white-background-color\">Mehr<\/span>\n        <\/div>\n\n    <\/a>\n<\/article>    \n<article\n        class=\"PostList-item PostList-item--post post_type-centre-6522  post_type-topic-4425 post_type-topic-4430 \"\n        data-post=\"6522\">\n    <a class=\"PostList-item-link\" href=\"https:\/\/s-tec.de\/zentren\/zentrum-fuer-klimaneutrale-produktion-und-ganzheitliche-bilanzierung\/\" title=\"Zentrum f\u00fcr Klimaneutrale Produktion und Ganzheitliche Bilanzierung\">\n\n                    <div class=\"PostList-item-image has-white-color\" style=\"background-image: url(https:\/\/s-tec.de\/wp-content\/uploads\/2022\/10\/ZKP-1-e1666689826906.jpg);\">\n                <div class=\"PostList-item-overlay\"><\/div>\n                <p class=\"PostList-item-title h3\">Zentrum f\u00fcr Klimaneutrale Produktion und Ganzheitliche Bilanzierung<\/p>\n            <\/div>\n        \n        <div class=\"PostList-item-content has-white-background-color\">\n            <p class=\"PostList-item-excerpt\">Gemeinsam die Transformation zur Klimaneutralit\u00e4t meistern und eine Spitzenreiterrolle f\u00fcr Umwelt- und Klimatechnologien einnehmen \u2013 das ist die Zielstellung, die das Zentrum f\u00fcr Klimaneutrale Produktion und Ganzheitliche Bilanzierung Unternehmen verfolgt.<\/p>\n            <span class=\"button PostList-item-excerpt-more has-white-background-color\">Mehr<\/span>\n        <\/div>\n\n    <\/a>\n<\/article>    \n<article\n        class=\"PostList-item PostList-item--post post_type-centre-4058  post_type-topic-4395 post_type-topic-4410 post_type-topic-4420 post_type-topic-4425 post_type-topic-4430 \"\n        data-post=\"4058\">\n    <a class=\"PostList-item-link\" href=\"https:\/\/s-tec.de\/en\/centers\/center-for-frugal-products-and-manufacturing-systems\/\" title=\"Center for Frugal Products and Manufacturing Systems\">\n\n                    <div class=\"PostList-item-image has-white-color\" style=\"background-image: url(https:\/\/s-tec.de\/wp-content\/uploads\/2021\/04\/IM7A3454-Bearbeitet_ZFP2-e1618557306751.jpg);\">\n                <div class=\"PostList-item-overlay\"><\/div>\n                <p class=\"PostList-item-title h3\">Center for Frugal Products and Manufacturing Systems<\/p>\n            <\/div>\n        \n        <div class=\"PostList-item-content has-white-background-color\">\n            <p class=\"PostList-item-excerpt\">The Center for Frugal Products and Manufacturing Systems supports companies by establishing frugal innovation for price-sensitive markets.<\/p>\n            <span class=\"button PostList-item-excerpt-more has-white-background-color\">Mehr<\/span>\n        <\/div>\n\n    <\/a>\n<\/article>    \n<article\n        class=\"PostList-item PostList-item--post post_type-centre-1498  post_type-topic-4425 post_type-topic-4430 \"\n        data-post=\"1498\">\n    <a class=\"PostList-item-link\" href=\"https:\/\/s-tec.de\/zentren\/zentrum-fuer-leichtbautechnologien\/\" title=\"Zentrum f\u00fcr Leichtbau&shy;technologien\">\n\n                    <div class=\"PostList-item-image has-white-color\" style=\"background-image: url(https:\/\/s-tec.de\/wp-content\/uploads\/2021\/04\/IM7A6761_ZLB-e1619093591535.jpg);\">\n                <div class=\"PostList-item-overlay\"><\/div>\n                <p class=\"PostList-item-title h3\">Zentrum f\u00fcr Leichtbau&shy;technologien<\/p>\n            <\/div>\n        \n        <div class=\"PostList-item-content has-white-background-color\">\n            <p class=\"PostList-item-excerpt\">Ziel des Zentrums f\u00fcr Leichtbautechnologien ist die Erforschung und Umsetzung von  Leichtbaul\u00f6sungen f\u00fcr den Maschinen-, Anlagen- und Ger\u00e4tebau. Die Entwicklung reicht von Konzepten bis hin zur Begleitung der Realisierung. <\/p>\n            <span class=\"button PostList-item-excerpt-more has-white-background-color\">Mehr<\/span>\n        <\/div>\n\n    <\/a>\n<\/article>    \n<article\n        class=\"PostList-item PostList-item--post post_type-centre-679  post_type-topic-4425 post_type-topic-4430 \"\n        data-post=\"679\">\n    <a class=\"PostList-item-link\" href=\"https:\/\/s-tec.de\/zentren\/zentrum-fuer-digitalisierte-batteriezellenproduktion\/\" title=\"Zentrum f\u00fcr Digitalisierte Batteriezell\u00adproduktion\">\n\n                    <div class=\"PostList-item-image has-white-color\" style=\"background-image: url(https:\/\/s-tec.de\/wp-content\/uploads\/2021\/04\/IM7A6611_ZDB-e1618554064160.jpg);\">\n                <div class=\"PostList-item-overlay\"><\/div>\n                <p class=\"PostList-item-title h3\">Zentrum f\u00fcr Digitalisierte Batteriezell\u00adproduktion<\/p>\n            <\/div>\n        \n        <div class=\"PostList-item-content has-white-background-color\">\n            <p class=\"PostList-item-excerpt\">Ziel des Zentrums f\u00fcr Digitalisierte Batteriezellenproduktion ist die Verbesserung und Flexibilisierung der Produktionsverfahren f\u00fcr die industrielle Fertigung von Batteriezellen mithilfe von Industrie 4.0-Technologien.<\/p>\n            <span class=\"button PostList-item-excerpt-more has-white-background-color\">Mehr<\/span>\n        <\/div>\n\n    <\/a>\n<\/article>    \n<article\n        class=\"PostList-item PostList-item--post post_type-centre-905  post_type-topic-4420 post_type-topic-4425 \"\n        data-post=\"905\">\n    <a class=\"PostList-item-link\" href=\"https:\/\/s-tec.de\/zentren\/zentrum-fuer-additive-produktion\/\" title=\"Zentrum f\u00fcr Additive Produktion\">\n\n                    <div class=\"PostList-item-image has-white-color\" style=\"background-image: url(https:\/\/s-tec.de\/wp-content\/uploads\/2021\/03\/IM7A3796_ZAP-e1615211330248.jpg);\">\n                <div class=\"PostList-item-overlay\"><\/div>\n                <p class=\"PostList-item-title h3\">Zentrum f\u00fcr Additive Produktion<\/p>\n            <\/div>\n        \n        <div class=\"PostList-item-content has-white-background-color\">\n            <p class=\"PostList-item-excerpt\">Das Zentrum f\u00fcr Additive Produktion war bis Ende 2022 f\u00fcr die Weiterentwicklung additiver Verfahren &#8211; allgemein bekannt als 3D-Druck &#8211; f\u00fcr deren Einsatz in industriellen Anwendungen zust\u00e4ndig.<\/p>\n            <span class=\"button PostList-item-excerpt-more has-white-background-color\">Mehr<\/span>\n        <\/div>\n\n    <\/a>\n<\/article>    \n<article\n        class=\"PostList-item PostList-item--post post_type-centre-698  post_type-topic-4410 post_type-topic-4415 \"\n        data-post=\"698\">\n    <a class=\"PostList-item-link\" href=\"https:\/\/s-tec.de\/zentren\/zentrum-fuer-cyberphysische-systeme\/\" title=\"Zentrum f\u00fcr Cyber&shy;physische Systeme\">\n\n                    <div class=\"PostList-item-image has-white-color\" style=\"background-image: url(https:\/\/s-tec.de\/wp-content\/uploads\/2021\/03\/IM7A3207_ZCPS-1-e1615212987908.jpg);\">\n                <div class=\"PostList-item-overlay\"><\/div>\n                <p class=\"PostList-item-title h3\">Zentrum f\u00fcr Cyber&shy;physische Systeme<\/p>\n            <\/div>\n        \n        <div class=\"PostList-item-content has-white-background-color\">\n            <p class=\"PostList-item-excerpt\">Das Zentrum f\u00fcr Cyberphysische Systeme forscht und entwickelt Anwendungen im Bereich Cyberphysical Systems, also der Integration virtueller und physischer Komponenten in ein gemeinsames System.<\/p>\n            <span class=\"button PostList-item-excerpt-more has-white-background-color\">Mehr<\/span>\n        <\/div>\n\n    <\/a>\n<\/article>    \n<article\n        class=\"PostList-item PostList-item--post post_type-centre-1082  post_type-topic-4410 post_type-topic-4415 \"\n        data-post=\"1082\">\n    <a class=\"PostList-item-link\" href=\"https:\/\/s-tec.de\/zentren\/zentrum-fuer-cyber-cognitive-intelligence\/\" title=\"Zentrum f\u00fcr Cyber Cognitive Intelligence\">\n\n                    <div class=\"PostList-item-image has-white-color\" style=\"background-image: url(https:\/\/s-tec.de\/wp-content\/uploads\/2021\/03\/IM7A5688_CCI-e1615294986455.jpg);\">\n                <div class=\"PostList-item-overlay\"><\/div>\n                <p class=\"PostList-item-title h3\">Zentrum f\u00fcr Cyber Cognitive Intelligence<\/p>\n            <\/div>\n        \n        <div class=\"PostList-item-content has-white-background-color\">\n            <p class=\"PostList-item-excerpt\">Das Zentrum f\u00fcr Cyber Cognitive Intelligence besch\u00e4ftigte sich bis Ende 2021 mit der Frage, wie Applikationen mithilfe von K\u00fcnstlicher Intelligenz und Maschinellem Lernen in der produzierenden Industrie optimiert werden k\u00f6nnen. <\/p>\n            <span class=\"button PostList-item-excerpt-more has-white-background-color\">Mehr<\/span>\n        <\/div>\n\n    <\/a>\n<\/article>    \n<article\n        class=\"PostList-item PostList-item--post post_type-centre-662  post_type-topic-4415 post_type-topic-4425 \"\n        data-post=\"662\">\n    <a class=\"PostList-item-link\" href=\"https:\/\/s-tec.de\/zentren\/zentrum-fuer-kognitive-robotik\/\" title=\"Zentrum f\u00fcr Kognitive Robotik\">\n\n                    <div class=\"PostList-item-image has-white-color\" style=\"background-image: url(https:\/\/s-tec.de\/wp-content\/uploads\/2021\/03\/IM7A3077_KogRob-1.jpg);\">\n                <div class=\"PostList-item-overlay\"><\/div>\n                <p class=\"PostList-item-title h3\">Zentrum f\u00fcr Kognitive Robotik<\/p>\n            <\/div>\n        \n        <div class=\"PostList-item-content has-white-background-color\">\n            <p class=\"PostList-item-excerpt\">Im Zentrum f\u00fcr Kognitive Robotik wird die in realen Anwendungen umgesetzte K\u00fcnstliche Intelligenz (KI) mit datenarmen KI-Methoden kombiniert. Ziel ist die Wahrnehmung und Handlungsf\u00e4higkeit von Industrie- und Servicerobotern.<\/p>\n            <span class=\"button PostList-item-excerpt-more has-white-background-color\">Mehr<\/span>\n        <\/div>\n\n    <\/a>\n<\/article>    \n<article\n        class=\"PostList-item PostList-item--post post_type-centre-1594  post_type-topic-4425 post_type-topic-4430 \"\n        data-post=\"1594\">\n    <a class=\"PostList-item-link\" href=\"https:\/\/s-tec.de\/zentren\/zentrum-fuer-ultraeffizienz\/\" title=\"Zentrum f\u00fcr Ultraeffizienz\">\n\n                    <div class=\"PostList-item-image has-white-color\" style=\"background-image: url(https:\/\/s-tec.de\/wp-content\/uploads\/2021\/06\/IM7A3661_ZUE-e1623155941787.jpg);\">\n                <div class=\"PostList-item-overlay\"><\/div>\n                <p class=\"PostList-item-title h3\">Zentrum f\u00fcr Ultraeffizienz<\/p>\n            <\/div>\n        \n        <div class=\"PostList-item-content has-white-background-color\">\n            <p class=\"PostList-item-excerpt\">Das Zentrum f\u00fcr Ultraeffizienz beleuchtet die industrielle Produktion aus einer ganzheitlichen Perspektive, um wirtschaftliche Leistungen mit dem urbanen Leben in Einklang zu bringen und Umweltbelastungen zu minimieren.<\/p>\n            <span class=\"button PostList-item-excerpt-more has-white-background-color\">Mehr<\/span>\n        <\/div>\n\n    <\/a>\n<\/article>    \n<article\n        class=\"PostList-item PostList-item--post post_type-centre-696  post_type-topic-4395 post_type-topic-4410 post_type-topic-4420 post_type-topic-4430 \"\n        data-post=\"696\">\n    <a class=\"PostList-item-link\" href=\"https:\/\/s-tec.de\/zentren\/business-innovation-engineering-center\/\" title=\"Business Innovation Engineering Center\">\n\n                    <div class=\"PostList-item-image has-white-color\" style=\"background-image: url(https:\/\/s-tec.de\/wp-content\/uploads\/2021\/03\/IM7A3678_BIEC-1-e1615294892314.jpg);\">\n                <div class=\"PostList-item-overlay\"><\/div>\n                <p class=\"PostList-item-title h3\">Business Innovation Engineering Center<\/p>\n            <\/div>\n        \n        <div class=\"PostList-item-content has-white-background-color\">\n            <p class=\"PostList-item-excerpt\">Das Business Innovation Engineering Center ber\u00e4t und unterst\u00fctzt insbesondere mittelst\u00e4ndische Unternehmen, die digitale Transformation zu meistern und die Chancen der Digitalisierung optimal f\u00fcr sich zu nutzen.<\/p>\n            <span class=\"button PostList-item-excerpt-more has-white-background-color\">Mehr<\/span>\n        <\/div>\n\n    <\/a>\n<\/article>    \n<article\n        class=\"PostList-item PostList-item--post post_type-centre-1935  post_type-topic-4395 post_type-topic-4420 post_type-topic-4430 \"\n        data-post=\"1935\">\n    <a class=\"PostList-item-link\" href=\"https:\/\/s-tec.de\/zentren\/leistungszentrum-mass-personalization-stuttgart\/\" title=\"Leistungs&shy;zentrum Mass Personalization Stuttgart\">\n\n                    <div class=\"PostList-item-image has-white-color\" style=\"background-image: url(https:\/\/s-tec.de\/wp-content\/uploads\/2020\/09\/LZMP-zentrumsseite-e1600336654446.jpg);\">\n                <div class=\"PostList-item-overlay\"><\/div>\n                <p class=\"PostList-item-title h3\">Leistungs&shy;zentrum Mass Personalization Stuttgart<\/p>\n            <\/div>\n        \n        <div class=\"PostList-item-content has-white-background-color\">\n            <p class=\"PostList-item-excerpt\">Im Leistungszentrum forschen die Stuttgarter Fraunhofer-Institute gemeinsam mit der Universit\u00e4t Stuttgart und der Industrie an Verfahren und Gesch\u00e4ftsmodellen zur kosteneffizienten Herstellung personalisierter Produkte.<\/p>\n            <span class=\"button PostList-item-excerpt-more has-white-background-color\">Mehr<\/span>\n        <\/div>\n\n    <\/a>\n<\/article>            <\/div>\n\n            \n        <div class=\"PostList-meta\">\n\n            \n            \n        <\/div>\n\n        \n<\/div>","protected":false},"excerpt":{"rendered":"<p>Within the Stuttgart Technology and Innovation Campus S-TEC, the individual research topics are organized in centers. The S-TEC centers offer interested companies numerous points of contact for cooperation, for example in the context of Exploring Projects or Quick Checks. On this page you will find the right center for your problem.<\/p>\n","protected":false},"author":1,"featured_media":0,"parent":0,"menu_order":10,"comment_status":"closed","ping_status":"closed","template":"","meta":{"_acf_changed":false,"footnotes":""},"class_list":["post-3691","page","type-page","status-publish","hentry"],"acf":[],"_links":{"self":[{"href":"https:\/\/s-tec.de\/en\/wp-json\/wp\/v2\/pages\/3691","targetHints":{"allow":["GET"]}}],"collection":[{"href":"https:\/\/s-tec.de\/en\/wp-json\/wp\/v2\/pages"}],"about":[{"href":"https:\/\/s-tec.de\/en\/wp-json\/wp\/v2\/types\/page"}],"author":[{"embeddable":true,"href":"https:\/\/s-tec.de\/en\/wp-json\/wp\/v2\/users\/1"}],"replies":[{"embeddable":true,"href":"https:\/\/s-tec.de\/en\/wp-json\/wp\/v2\/comments?post=3691"}],"version-history":[{"count":9,"href":"https:\/\/s-tec.de\/en\/wp-json\/wp\/v2\/pages\/3691\/revisions"}],"predecessor-version":[{"id":7024,"href":"https:\/\/s-tec.de\/en\/wp-json\/wp\/v2\/pages\/3691\/revisions\/7024"}],"wp:attachment":[{"href":"https:\/\/s-tec.de\/en\/wp-json\/wp\/v2\/media?parent=3691"}],"curies":[{"name":"wp","href":"https:\/\/api.w.org\/{rel}","templated":true}]}}